{"id":122,"date":"2025-12-22T21:27:48","date_gmt":"2025-12-22T21:27:48","guid":{"rendered":"https:\/\/fornageconstructionbois.fr\/?page_id=122"},"modified":"2026-01-04T09:10:54","modified_gmt":"2026-01-04T09:10:54","slug":"mentions-legales","status":"publish","type":"page","link":"https:\/\/fornageconstructionbois.fr\/index.php\/mentions-legales\/","title":{"rendered":"Mentions l\u00e9gales"},"content":{"rendered":"\n<h2 class=\"wp-block-heading has-text-align-center has-vert-deau-color has-beige-clair-background-color has-text-color has-background has-link-color wp-elements-9171fe8c555f7c020cbbe4a627472509\">MENTIONS L\u00c9GALES<\/h2>\n\n\n\n<div class=\"wp-block-group\"><div class=\"wp-block-group__inner-container is-layout-constrained wp-block-group-is-layout-constrained\">\n<h3 class=\"wp-block-heading has-vert-deau-color has-text-color has-link-color wp-elements-4b5e021ddfaaeac98341bc93e9f09527\">\u00c9diteur du site<\/h3>\n\n\n\n<p>Le site\u00a0<a>www.fornage-construction-bois.fr<\/a>\u00a0est \u00e9dit\u00e9 par l\u2019entreprise\u00a0<strong>FORNAGE CONSTRUCTION BOIS<\/strong>,<br>SAS au capital de\u00a0<strong>10 000,00 \u20ac<\/strong>,<br>dont le si\u00e8ge social est situ\u00e9\u00a0<strong>Ferme des Bonjours \u2013 25300 Pontarlier<\/strong>,<br>immatricul\u00e9e au\u00a0<strong>Registre du Commerce et des Soci\u00e9t\u00e9s de Besan\u00e7on<\/strong>\u00a0sous le num\u00e9ro\u00a0<strong>823 381 793<\/strong><br>Num\u00e9ro de TVA intracommunautaire :\u00a0<strong>FR39 823 381 793<\/strong>.<\/p>\n\n\n\n<p>Le directeur de la publication est&nbsp;<strong>Monsieur Matthias Hanrot<\/strong>, en qualit\u00e9 de dirigeant.<\/p>\n\n\n\n<p>\ud83d\udce7 Contact :&nbsp;<strong><a>hanrotfornage@hotmail.com<\/a><\/strong><br>\ud83d\udcde T\u00e9l\u00e9phone :&nbsp;<strong>06 86 65 04 04<\/strong><\/p>\n\n\n\n<div style=\"height:100px\" aria-hidden=\"true\" class=\"wp-block-spacer\"><\/div>\n\n\n\n<h3 class=\"wp-block-heading has-vert-deau-color has-text-color has-link-color wp-elements-14f1bb2f5f57d89a06aeb80ef4730401\">Cr\u00e9ation du site<\/h3>\n\n\n\n<p>Le site internet\u00a0<a>www.fornage-construction-bois.fr<\/a>\u00a0a \u00e9t\u00e9 con\u00e7u et r\u00e9alis\u00e9 par\u00a0<strong>SophiAgence<\/strong>, agence de communication.<\/p>\n\n\n\n<div style=\"height:100px\" aria-hidden=\"true\" class=\"wp-block-spacer\"><\/div>\n\n\n\n<h3 class=\"wp-block-heading has-vert-deau-color has-text-color has-link-color wp-elements-42223a4e7df3f170015096839e7489c0\">H\u00e9bergement du site<\/h3>\n\n\n\n<p>Le site est h\u00e9berg\u00e9 par la soci\u00e9t\u00e9&nbsp;<strong>OVH<\/strong><br>SAS au capital de 10 174 560 \u20ac<br>Si\u00e8ge social :&nbsp;<strong>2 rue Kellermann \u2013 59100 Roubaix \u2013 France<\/strong><br>T\u00e9l\u00e9phone :&nbsp;<strong>1007<\/strong><br>Site internet :&nbsp;<strong><a>www.ovhcloud.com<\/a><\/strong><\/p>\n\n\n\n<div style=\"height:100px\" aria-hidden=\"true\" class=\"wp-block-spacer\"><\/div>\n\n\n\n<h3 class=\"wp-block-heading has-vert-deau-color has-text-color has-link-color wp-elements-bf1a2606a832e5878cd32c8dca169e79\">Liste d\u2019opposition au d\u00e9marchage t\u00e9l\u00e9phonique \u2013 Bloctel<\/h3>\n\n\n\n<p>Conform\u00e9ment \u00e0 l\u2019article&nbsp;<strong>L.223-1 du Code de la consommation<\/strong>, tout consommateur ne souhaitant pas faire l\u2019objet de prospection commerciale par voie t\u00e9l\u00e9phonique peut s\u2019inscrire gratuitement sur la liste d\u2019opposition&nbsp;<strong>Bloctel<\/strong>.<\/p>\n\n\n\n<p>L\u2019inscription peut \u00eatre effectu\u00e9e :<\/p>\n\n\n\n<ul class=\"wp-block-list\">\n<li>directement sur le site :\u00a0<strong><a href=\"https:\/\/www.bloctel.gouv.fr\/\">https:\/\/www.bloctel.gouv.fr\/<\/a><\/strong><\/li>\n\n\n\n<li>ou par courrier postal \u00e0 l\u2019adresse suivante :<br>Soci\u00e9t\u00e9 Worldline \u2013 Service Bloctel<br>River Ouest \u2013 80 quai Voltaire<br>95870 Bezons \u2013 France<\/li>\n<\/ul>\n\n\n\n<p>L\u2019inscription est prise en compte dans un d\u00e9lai maximum de&nbsp;<strong>30 jours<\/strong>&nbsp;\u00e0 compter de la confirmation re\u00e7ue par courriel.<br>La dur\u00e9e d\u2019inscription est valable&nbsp;<strong>3 ans<\/strong>.<\/p>\n\n\n\n<div style=\"height:100px\" aria-hidden=\"true\" class=\"wp-block-spacer\"><\/div>\n\n\n\n<h3 class=\"wp-block-heading has-vert-deau-color has-text-color has-link-color wp-elements-6ed1fe5d5b2b16a1a93713f794aaadbc\">Propri\u00e9t\u00e9 intellectuelle<\/h3>\n\n\n\n<p>L\u2019ensemble des contenus pr\u00e9sents sur le site (textes, images, photographies, logos, graphismes, vid\u00e9os, etc.) est la propri\u00e9t\u00e9 exclusive de\u00a0Fornage Construction Bois, sauf mention contraire.<br>Toute reproduction, repr\u00e9sentation, modification ou adaptation, totale ou partielle, est strictement interdite sans autorisation pr\u00e9alable.<\/p>\n\n\n\n<div style=\"height:100px\" aria-hidden=\"true\" class=\"wp-block-spacer\"><\/div>\n\n\n\n<h3 class=\"wp-block-heading has-vert-deau-color has-text-color has-link-color wp-elements-e9ba1db08accae67bd5a8ad7dc75950a\">Responsabilit\u00e9<\/h3>\n\n\n\n<p>Fornage Construction Bois s\u2019efforce d\u2019assurer l\u2019exactitude et la mise \u00e0 jour des informations diffus\u00e9es sur le site. Toutefois, l\u2019entreprise ne saurait \u00eatre tenue responsable d\u2019erreurs ou d\u2019omissions.<\/p>\n\n\n\n<div style=\"height:100px\" aria-hidden=\"true\" class=\"wp-block-spacer\"><\/div>\n\n\n\n<h3 class=\"wp-block-heading has-vert-deau-color has-text-color has-link-color wp-elements-1edfb62f8fa988c1a94569542e8328af\">Donn\u00e9es personnelles<\/h3>\n\n\n\n<p>Les informations recueillies via les formulaires du site sont destin\u00e9es exclusivement \u00e0\u00a0Fornage Construction Bois\u00a0et ne sont en aucun cas c\u00e9d\u00e9es \u00e0 des tiers.<br>Conform\u00e9ment \u00e0 la r\u00e9glementation en vigueur (RGPD), vous disposez d\u2019un droit d\u2019acc\u00e8s, de rectification et de suppression de vos donn\u00e9es personnelles.<\/p>\n<\/div><\/div>\n","protected":false},"excerpt":{"rendered":"<p>MENTIONS L\u00c9GALES \u00c9diteur du site Le site\u00a0www.fornage-construction-bois.fr\u00a0est \u00e9dit\u00e9 par l\u2019entreprise\u00a0FORNAGE CONSTRUCTION BOIS,SAS au capital de\u00a010 000,00 \u20ac,dont le si\u00e8ge social est situ\u00e9\u00a0Ferme des Bonjours \u2013 25300 Pontarlier,immatricul\u00e9e au\u00a0Registre du Commerce et des Soci\u00e9t\u00e9s de Besan\u00e7on\u00a0sous le num\u00e9ro\u00a0823 381 793Num\u00e9ro de TVA intracommunautaire :\u00a0FR39 823 381 793. Le directeur de la publication est&nbsp;Monsieur Matthias Hanrot, en &#8230; <a title=\"Mentions l\u00e9gales\" class=\"read-more\" href=\"https:\/\/fornageconstructionbois.fr\/index.php\/mentions-legales\/\" aria-label=\"En savoir plus sur Mentions l\u00e9gales\">Lire la suite<\/a><\/p>\n","protected":false},"author":1,"featured_media":0,"parent":0,"menu_order":0,"comment_status":"closed","ping_status":"closed","template":"","meta":{"footnotes":""},"class_list":["post-122","page","type-page","status-publish"],"_links":{"self":[{"href":"https:\/\/fornageconstructionbois.fr\/index.php\/wp-json\/wp\/v2\/pages\/122","targetHints":{"allow":["GET"]}}],"collection":[{"href":"https:\/\/fornageconstructionbois.fr\/index.php\/wp-json\/wp\/v2\/pages"}],"about":[{"href":"https:\/\/fornageconstructionbois.fr\/index.php\/wp-json\/wp\/v2\/types\/page"}],"author":[{"embeddable":true,"href":"https:\/\/fornageconstructionbois.fr\/index.php\/wp-json\/wp\/v2\/users\/1"}],"replies":[{"embeddable":true,"href":"https:\/\/fornageconstructionbois.fr\/index.php\/wp-json\/wp\/v2\/comments?post=122"}],"version-history":[{"count":6,"href":"https:\/\/fornageconstructionbois.fr\/index.php\/wp-json\/wp\/v2\/pages\/122\/revisions"}],"predecessor-version":[{"id":483,"href":"https:\/\/fornageconstructionbois.fr\/index.php\/wp-json\/wp\/v2\/pages\/122\/revisions\/483"}],"wp:attachment":[{"href":"https:\/\/fornageconstructionbois.fr\/index.php\/wp-json\/wp\/v2\/media?parent=122"}],"curies":[{"name":"wp","href":"https:\/\/api.w.org\/{rel}","templated":true}]}}