{"id":68,"date":"2025-12-22T18:25:21","date_gmt":"2025-12-22T18:25:21","guid":{"rendered":"https:\/\/fornageconstructionbois.fr\/?page_id=68"},"modified":"2026-04-01T09:15:03","modified_gmt":"2026-04-01T09:15:03","slug":"nos-prestations","status":"publish","type":"page","link":"https:\/\/fornageconstructionbois.fr\/index.php\/nos-prestations\/","title":{"rendered":"Nos prestations"},"content":{"rendered":"\n<div style=\"height:11px\" aria-hidden=\"true\" class=\"wp-block-spacer\"><\/div>\n\n\n\n<h2 class=\"wp-block-heading has-text-align-center has-marron-color has-text-color has-link-color wp-elements-cd22eb2837cedbedd48e7762af78e606\" style=\"font-size:30px\"><strong>NOS PRESTATIONS<\/strong><\/h2>\n\n\n\n<div style=\"height:33px\" aria-hidden=\"true\" class=\"wp-block-spacer\"><\/div>\n\n\n\n<p class=\"has-text-align-center\">Cliquez sur les boutons ci-dessous pour d\u00e9couvrir en d\u00e9tail chacune de nos r\u00e9alisations <\/p>\n\n\n\n<div style=\"height:38px\" aria-hidden=\"true\" class=\"wp-block-spacer\"><\/div>\n\n\n\n<div class=\"wp-block-columns alignwide is-layout-flex wp-container-core-columns-is-layout-9d6595d7 wp-block-columns-is-layout-flex\">\n<div class=\"wp-block-column is-layout-flow wp-block-column-is-layout-flow\">\n<h2 class=\"wp-block-heading has-text-align-center has-vert-fonc-color has-text-color has-link-color wp-elements-cdb51dda41bbb5d7351140218f033cf9\" style=\"font-size:23px\">MAISONS OSSATURE BOIS<\/h2>\n\n\n\n<div style=\"height:15px\" aria-hidden=\"true\" class=\"wp-block-spacer\"><\/div>\n\n\n\n<div class=\"wp-block-cover is-light\" style=\"min-height:269px;aspect-ratio:unset;\"><img fetchpriority=\"high\" decoding=\"async\" width=\"1820\" height=\"1365\" class=\"wp-block-cover__image-background wp-image-918\" alt=\"\" src=\"https:\/\/fornageconstructionbois.fr\/wp-content\/uploads\/2026\/01\/COUEVRTURE-2-edited-1.jpeg\" data-object-fit=\"cover\" srcset=\"https:\/\/fornageconstructionbois.fr\/wp-content\/uploads\/2026\/01\/COUEVRTURE-2-edited-1.jpeg 1820w, https:\/\/fornageconstructionbois.fr\/wp-content\/uploads\/2026\/01\/COUEVRTURE-2-edited-1-300x225.jpeg 300w, https:\/\/fornageconstructionbois.fr\/wp-content\/uploads\/2026\/01\/COUEVRTURE-2-edited-1-1024x768.jpeg 1024w, https:\/\/fornageconstructionbois.fr\/wp-content\/uploads\/2026\/01\/COUEVRTURE-2-edited-1-768x576.jpeg 768w, https:\/\/fornageconstructionbois.fr\/wp-content\/uploads\/2026\/01\/COUEVRTURE-2-edited-1-1536x1152.jpeg 1536w\" sizes=\"(max-width: 1820px) 100vw, 1820px\" \/><span aria-hidden=\"true\" class=\"wp-block-cover__background has-background-dim-0 has-background-dim\"><\/span><div class=\"wp-block-cover__inner-container is-layout-flow wp-block-cover-is-layout-flow\">\n<p class=\"has-text-align-center has-large-font-size\"><\/p>\n<\/div><\/div>\n\n\n\n<div style=\"height:33px\" aria-hidden=\"true\" class=\"wp-block-spacer\"><\/div>\n\n\n\n<p class=\"has-text-align-center\">Faites construire votre maison ossature bois \u00e0 votre image, contemporaine ou traditionnelle, alliant confort et performance \u00e9nerg\u00e9tique. <\/p>\n\n\n\n<div style=\"height:10px\" aria-hidden=\"true\" class=\"wp-block-spacer\"><\/div>\n\n\n\n<div class=\"wp-block-buttons is-content-justification-center is-layout-flex wp-container-core-buttons-is-layout-16018d1d wp-block-buttons-is-layout-flex\">\n<div class=\"wp-block-button\"><a class=\"wp-block-button__link wp-element-button\" href=\"https:\/\/fornageconstructionbois.fr\/index.php\/constructions-ossature-bois\/\">Voir les images<\/a><\/div>\n<\/div>\n<\/div>\n\n\n\n<div class=\"wp-block-column is-layout-flow wp-block-column-is-layout-flow\">\n<h2 class=\"wp-block-heading has-text-align-center has-vert-fonc-color has-text-color has-link-color wp-elements-aafddc7ea6ce8d96fc0806e8bdee2f38\" style=\"font-size:23px\">EXTENSIONS<\/h2>\n\n\n\n<div style=\"height:15px\" aria-hidden=\"true\" class=\"wp-block-spacer\"><\/div>\n\n\n\n<div class=\"wp-block-cover is-light\" style=\"min-height:270px;aspect-ratio:unset;\"><img decoding=\"async\" width=\"1024\" height=\"683\" class=\"wp-block-cover__image-background wp-image-935 size-large\" alt=\"\" src=\"https:\/\/fornageconstructionbois.fr\/wp-content\/uploads\/2026\/01\/Page-acceuil-couverture-extensions-1024x683.png\" data-object-fit=\"cover\" srcset=\"https:\/\/fornageconstructionbois.fr\/wp-content\/uploads\/2026\/01\/Page-acceuil-couverture-extensions-1024x683.png 1024w, https:\/\/fornageconstructionbois.fr\/wp-content\/uploads\/2026\/01\/Page-acceuil-couverture-extensions-300x200.png 300w, https:\/\/fornageconstructionbois.fr\/wp-content\/uploads\/2026\/01\/Page-acceuil-couverture-extensions-768x512.png 768w, https:\/\/fornageconstructionbois.fr\/wp-content\/uploads\/2026\/01\/Page-acceuil-couverture-extensions.png 1536w\" sizes=\"(max-width: 1024px) 100vw, 1024px\" \/><span aria-hidden=\"true\" class=\"wp-block-cover__background has-background-dim-0 has-background-dim\" style=\"background-color:#909191\"><\/span><div class=\"wp-block-cover__inner-container is-layout-flow wp-block-cover-is-layout-flow\">\n<p class=\"has-text-align-center has-large-font-size\"><\/p>\n<\/div><\/div>\n\n\n\n<div style=\"height:33px\" aria-hidden=\"true\" class=\"wp-block-spacer\"><\/div>\n\n\n\n<p class=\"has-text-align-center\">Que ce soit une sur\u00e9l\u00e9vation ou une extension, nous cr\u00e9ons des volumes bois harmonieux, tout en respectant votre terrain et votre style.<\/p>\n\n\n\n<div style=\"height:10px\" aria-hidden=\"true\" class=\"wp-block-spacer\"><\/div>\n\n\n\n<div class=\"wp-block-buttons is-content-justification-center is-layout-flex wp-container-core-buttons-is-layout-16018d1d wp-block-buttons-is-layout-flex\">\n<div class=\"wp-block-button\"><a class=\"wp-block-button__link wp-element-button\" href=\"https:\/\/fornageconstructionbois.fr\/index.php\/extension\/\">Voir les images<\/a><\/div>\n<\/div>\n<\/div>\n\n\n\n<div class=\"wp-block-column is-layout-flow wp-block-column-is-layout-flow\">\n<h2 class=\"wp-block-heading has-text-align-center has-vert-fonc-color has-text-color has-link-color wp-elements-23a8f60d4b3ee9719fe7a625cea1534c\" style=\"font-size:23px\">R\u00c9NOVATION<\/h2>\n\n\n\n<div style=\"height:15px\" aria-hidden=\"true\" class=\"wp-block-spacer\"><\/div>\n\n\n\n<div class=\"wp-block-cover is-light\" style=\"min-height:272px;aspect-ratio:unset;\"><img decoding=\"async\" width=\"640\" height=\"480\" class=\"wp-block-cover__image-background wp-image-100\" alt=\"\" src=\"https:\/\/fornageconstructionbois.fr\/wp-content\/uploads\/2025\/12\/image4.jpeg\" data-object-fit=\"cover\" srcset=\"https:\/\/fornageconstructionbois.fr\/wp-content\/uploads\/2025\/12\/image4.jpeg 640w, https:\/\/fornageconstructionbois.fr\/wp-content\/uploads\/2025\/12\/image4-300x225.jpeg 300w\" sizes=\"(max-width: 640px) 100vw, 640px\" \/><span aria-hidden=\"true\" class=\"wp-block-cover__background has-background-dim-0 has-background-dim\"><\/span><div class=\"wp-block-cover__inner-container is-layout-flow wp-block-cover-is-layout-flow\">\n<p class=\"has-text-align-center has-large-font-size\"><\/p>\n<\/div><\/div>\n\n\n\n<div style=\"height:33px\" aria-hidden=\"true\" class=\"wp-block-spacer\"><\/div>\n\n\n\n<p class=\"has-text-align-center\">Redonnez vie \u00e0 votre maison gr\u00e2ce \u00e0 notre expertise en r\u00e9novation : isolation, charpente, couverture\u2026 Pour un confort optimis\u00e9 !<\/p>\n\n\n\n<div style=\"height:10px\" aria-hidden=\"true\" class=\"wp-block-spacer\"><\/div>\n\n\n\n<div class=\"wp-block-buttons is-content-justification-center is-layout-flex wp-container-core-buttons-is-layout-16018d1d wp-block-buttons-is-layout-flex\">\n<div class=\"wp-block-button\"><a class=\"wp-block-button__link wp-element-button\" href=\"https:\/\/fornageconstructionbois.fr\/index.php\/renovation\/\">Voir les images<\/a><\/div>\n<\/div>\n<\/div>\n<\/div>\n\n\n\n<div style=\"height:100px\" aria-hidden=\"true\" class=\"wp-block-spacer\"><\/div>\n\n\n\n<div class=\"wp-block-columns alignwide is-layout-flex wp-container-core-columns-is-layout-9d6595d7 wp-block-columns-is-layout-flex\">\n<div class=\"wp-block-column is-layout-flow wp-block-column-is-layout-flow\">\n<h2 class=\"wp-block-heading has-text-align-center has-vert-fonc-color has-text-color has-link-color wp-elements-7c43302b805f5a926c1f3034e8993159\" style=\"font-size:23px\">BALCONS \/ TERRASSES<\/h2>\n\n\n\n<div style=\"height:27px\" aria-hidden=\"true\" class=\"wp-block-spacer\"><\/div>\n\n\n\n<figure class=\"wp-block-image size-large\"><img loading=\"lazy\" decoding=\"async\" width=\"1600\" height=\"1067\" src=\"https:\/\/fornageconstructionbois.fr\/wp-content\/uploads\/2026\/01\/aaf976d3-b0d9-44c7-b43d-ec1e62029801-1-edited.jpg\" alt=\"\" class=\"wp-image-901\" srcset=\"https:\/\/fornageconstructionbois.fr\/wp-content\/uploads\/2026\/01\/aaf976d3-b0d9-44c7-b43d-ec1e62029801-1-edited.jpg 1600w, https:\/\/fornageconstructionbois.fr\/wp-content\/uploads\/2026\/01\/aaf976d3-b0d9-44c7-b43d-ec1e62029801-1-edited-300x200.jpg 300w, https:\/\/fornageconstructionbois.fr\/wp-content\/uploads\/2026\/01\/aaf976d3-b0d9-44c7-b43d-ec1e62029801-1-edited-1024x683.jpg 1024w, https:\/\/fornageconstructionbois.fr\/wp-content\/uploads\/2026\/01\/aaf976d3-b0d9-44c7-b43d-ec1e62029801-1-edited-768x512.jpg 768w, https:\/\/fornageconstructionbois.fr\/wp-content\/uploads\/2026\/01\/aaf976d3-b0d9-44c7-b43d-ec1e62029801-1-edited-1536x1024.jpg 1536w\" sizes=\"(max-width: 1600px) 100vw, 1600px\" \/><\/figure>\n\n\n\n<div style=\"height:33px\" aria-hidden=\"true\" class=\"wp-block-spacer\"><\/div>\n\n\n\n<p class=\"has-text-align-center\">Prolongez votre maison vers l\u2019ext\u00e9rieur avec des balcons ou terrasses en bois : robustes, \u00e9l\u00e9gants et parfaitement int\u00e9gr\u00e9s \u00e0 la structure de votre b\u00e2timent existant.<\/p>\n\n\n\n<div style=\"height:10px\" aria-hidden=\"true\" class=\"wp-block-spacer\"><\/div>\n\n\n\n<div class=\"wp-block-buttons is-content-justification-center is-layout-flex wp-container-core-buttons-is-layout-16018d1d wp-block-buttons-is-layout-flex\">\n<div class=\"wp-block-button\"><a class=\"wp-block-button__link wp-element-button\" href=\"https:\/\/fornageconstructionbois.fr\/index.php\/balcons-terrasses\/\">Voir les images<\/a><\/div>\n<\/div>\n<\/div>\n\n\n\n<div class=\"wp-block-column is-layout-flow wp-block-column-is-layout-flow\">\n<h2 class=\"wp-block-heading has-text-align-center has-vert-fonc-color has-text-color has-link-color wp-elements-2143c00883ea90c1ce9098edd3525f92\" style=\"font-size:23px\">AGENCEMENT INT\u00c9RIEUR<\/h2>\n\n\n\n<div style=\"height:10px\" aria-hidden=\"true\" class=\"wp-block-spacer\"><\/div>\n\n\n<div class=\"wp-block-image\">\n<figure class=\"aligncenter size-large is-resized\"><img loading=\"lazy\" decoding=\"async\" width=\"1024\" height=\"768\" src=\"https:\/\/fornageconstructionbois.fr\/wp-content\/uploads\/2025\/12\/PHOTO-2022-06-08-15-31-15-2-1024x768.jpg\" alt=\"\" class=\"wp-image-103\" style=\"width:245px;height:auto\" srcset=\"https:\/\/fornageconstructionbois.fr\/wp-content\/uploads\/2025\/12\/PHOTO-2022-06-08-15-31-15-2-1024x768.jpg 1024w, https:\/\/fornageconstructionbois.fr\/wp-content\/uploads\/2025\/12\/PHOTO-2022-06-08-15-31-15-2-300x225.jpg 300w, https:\/\/fornageconstructionbois.fr\/wp-content\/uploads\/2025\/12\/PHOTO-2022-06-08-15-31-15-2-768x576.jpg 768w, https:\/\/fornageconstructionbois.fr\/wp-content\/uploads\/2025\/12\/PHOTO-2022-06-08-15-31-15-2-1536x1152.jpg 1536w, https:\/\/fornageconstructionbois.fr\/wp-content\/uploads\/2025\/12\/PHOTO-2022-06-08-15-31-15-2.jpg 2048w\" sizes=\"(max-width: 1024px) 100vw, 1024px\" \/><\/figure>\n<\/div>\n\n\n<div style=\"height:33px\" aria-hidden=\"true\" class=\"wp-block-spacer\"><\/div>\n\n\n\n<p class=\"has-text-align-center\">Optimisez vos espaces int\u00e9rieurs avec des am\u00e9nagements en bois. Notre \u00e9quipe conjugue fonctionnalit\u00e9 et \u00e9l\u00e9gance pour cr\u00e9er des int\u00e9rieurs chaleureux.<\/p>\n\n\n\n<div style=\"height:10px\" aria-hidden=\"true\" class=\"wp-block-spacer\"><\/div>\n\n\n\n<div class=\"wp-block-buttons is-content-justification-center is-layout-flex wp-container-core-buttons-is-layout-16018d1d wp-block-buttons-is-layout-flex\">\n<div class=\"wp-block-button\"><a class=\"wp-block-button__link wp-element-button\" href=\"https:\/\/fornageconstructionbois.fr\/index.php\/agencement-interieur\/\">Voir les images<\/a><\/div>\n<\/div>\n<\/div>\n\n\n\n<div class=\"wp-block-column is-layout-flow wp-block-column-is-layout-flow\">\n<h2 class=\"wp-block-heading has-text-align-center has-vert-fonc-color has-text-color has-link-color wp-elements-4ed3d795bfbf6e77806c80a79978e2ed\" style=\"font-size:23px\">PANNEAUX PHOTOVOLTAIQUES<\/h2>\n\n\n\n<div style=\"height:10px\" aria-hidden=\"true\" class=\"wp-block-spacer\"><\/div>\n\n\n\n<figure class=\"wp-block-image size-large\"><img loading=\"lazy\" decoding=\"async\" width=\"2560\" height=\"1707\" src=\"https:\/\/fornageconstructionbois.fr\/wp-content\/uploads\/2026\/01\/COUVERTURE-edited-scaled.jpeg\" alt=\"\" class=\"wp-image-797\" srcset=\"https:\/\/fornageconstructionbois.fr\/wp-content\/uploads\/2026\/01\/COUVERTURE-edited-scaled.jpeg 2560w, https:\/\/fornageconstructionbois.fr\/wp-content\/uploads\/2026\/01\/COUVERTURE-edited-300x200.jpeg 300w, https:\/\/fornageconstructionbois.fr\/wp-content\/uploads\/2026\/01\/COUVERTURE-edited-1024x683.jpeg 1024w, https:\/\/fornageconstructionbois.fr\/wp-content\/uploads\/2026\/01\/COUVERTURE-edited-768x512.jpeg 768w, https:\/\/fornageconstructionbois.fr\/wp-content\/uploads\/2026\/01\/COUVERTURE-edited-1536x1024.jpeg 1536w, https:\/\/fornageconstructionbois.fr\/wp-content\/uploads\/2026\/01\/COUVERTURE-edited-2048x1365.jpeg 2048w\" sizes=\"(max-width: 2560px) 100vw, 2560px\" \/><\/figure>\n\n\n\n<div style=\"height:33px\" aria-hidden=\"true\" class=\"wp-block-spacer\"><\/div>\n\n\n\n<p class=\"has-text-align-center\">Produisez votre propre \u00e9nergie : nous installons des panneaux solaires photovolta\u00efques sur votre toiture, que vous soyez en construction neuve ou en r\u00e9novation. <\/p>\n\n\n\n<div style=\"height:10px\" aria-hidden=\"true\" class=\"wp-block-spacer\"><\/div>\n\n\n\n<div class=\"wp-block-buttons is-content-justification-center is-layout-flex wp-container-core-buttons-is-layout-16018d1d wp-block-buttons-is-layout-flex\">\n<div class=\"wp-block-button\"><a class=\"wp-block-button__link wp-element-button\" href=\"https:\/\/fornageconstructionbois.fr\/index.php\/panneaux-photovoltaiques\/\">Voir les images<\/a><\/div>\n<\/div>\n<\/div>\n\n\n\n<div class=\"wp-block-column is-layout-flow wp-block-column-is-layout-flow\">\n<h2 class=\"wp-block-heading has-text-align-center has-vert-fonc-color has-text-color has-link-color wp-elements-a0831c3788e7621c242bf3118597bffd\" style=\"font-size:23px\">B\u00c2TIMENTS PROFESSIONNELS<\/h2>\n\n\n\n<div style=\"height:10px\" aria-hidden=\"true\" class=\"wp-block-spacer\"><\/div>\n\n\n\n<figure class=\"wp-block-image size-full\"><img loading=\"lazy\" decoding=\"async\" width=\"2560\" height=\"1707\" src=\"https:\/\/fornageconstructionbois.fr\/wp-content\/uploads\/2026\/01\/COUVERTURE-edited-scaled.jpg\" alt=\"\" class=\"wp-image-791\" srcset=\"https:\/\/fornageconstructionbois.fr\/wp-content\/uploads\/2026\/01\/COUVERTURE-edited-scaled.jpg 2560w, https:\/\/fornageconstructionbois.fr\/wp-content\/uploads\/2026\/01\/COUVERTURE-edited-300x200.jpg 300w, https:\/\/fornageconstructionbois.fr\/wp-content\/uploads\/2026\/01\/COUVERTURE-edited-1024x683.jpg 1024w, https:\/\/fornageconstructionbois.fr\/wp-content\/uploads\/2026\/01\/COUVERTURE-edited-768x512.jpg 768w, https:\/\/fornageconstructionbois.fr\/wp-content\/uploads\/2026\/01\/COUVERTURE-edited-1536x1024.jpg 1536w, https:\/\/fornageconstructionbois.fr\/wp-content\/uploads\/2026\/01\/COUVERTURE-edited-2048x1365.jpg 2048w\" sizes=\"(max-width: 2560px) 100vw, 2560px\" \/><\/figure>\n\n\n\n<div style=\"height:33px\" aria-hidden=\"true\" class=\"wp-block-spacer\"><\/div>\n\n\n\n<p class=\"has-text-align-center\">Nous concevons des constructions bois pour vos projets professionnels : ateliers, bureaux, b\u00e2timents agricoles&#8230; en alliant savoir-faire artisanal, durabilit\u00e9 et design.<\/p>\n\n\n\n<div style=\"height:10px\" aria-hidden=\"true\" class=\"wp-block-spacer\"><\/div>\n\n\n\n<div class=\"wp-block-buttons is-content-justification-center is-layout-flex wp-container-core-buttons-is-layout-16018d1d wp-block-buttons-is-layout-flex\">\n<div class=\"wp-block-button\"><a class=\"wp-block-button__link wp-element-button\" href=\"https:\/\/fornageconstructionbois.fr\/index.php\/batiments-professionnels\/\">Voir les images<\/a><\/div>\n<\/div>\n<\/div>\n<\/div>\n","protected":false},"excerpt":{"rendered":"<p>NOS PRESTATIONS Cliquez sur les boutons ci-dessous pour d\u00e9couvrir en d\u00e9tail chacune de nos r\u00e9alisations MAISONS OSSATURE BOIS Faites construire votre maison ossature bois \u00e0 votre image, contemporaine ou traditionnelle, alliant confort et performance \u00e9nerg\u00e9tique. EXTENSIONS Que ce soit une sur\u00e9l\u00e9vation ou une extension, nous cr\u00e9ons des volumes bois harmonieux, tout en respectant votre terrain &#8230; <a title=\"Nos prestations\" class=\"read-more\" href=\"https:\/\/fornageconstructionbois.fr\/index.php\/nos-prestations\/\" aria-label=\"En savoir plus sur Nos prestations\">Lire la suite<\/a><\/p>\n","protected":false},"author":1,"featured_media":0,"parent":0,"menu_order":0,"comment_status":"closed","ping_status":"closed","template":"","meta":{"footnotes":""},"class_list":["post-68","page","type-page","status-publish"],"_links":{"self":[{"href":"https:\/\/fornageconstructionbois.fr\/index.php\/wp-json\/wp\/v2\/pages\/68","targetHints":{"allow":["GET"]}}],"collection":[{"href":"https:\/\/fornageconstructionbois.fr\/index.php\/wp-json\/wp\/v2\/pages"}],"about":[{"href":"https:\/\/fornageconstructionbois.fr\/index.php\/wp-json\/wp\/v2\/types\/page"}],"author":[{"embeddable":true,"href":"https:\/\/fornageconstructionbois.fr\/index.php\/wp-json\/wp\/v2\/users\/1"}],"replies":[{"embeddable":true,"href":"https:\/\/fornageconstructionbois.fr\/index.php\/wp-json\/wp\/v2\/comments?post=68"}],"version-history":[{"count":19,"href":"https:\/\/fornageconstructionbois.fr\/index.php\/wp-json\/wp\/v2\/pages\/68\/revisions"}],"predecessor-version":[{"id":1005,"href":"https:\/\/fornageconstructionbois.fr\/index.php\/wp-json\/wp\/v2\/pages\/68\/revisions\/1005"}],"wp:attachment":[{"href":"https:\/\/fornageconstructionbois.fr\/index.php\/wp-json\/wp\/v2\/media?parent=68"}],"curies":[{"name":"wp","href":"https:\/\/api.w.org\/{rel}","templated":true}]}}