{"id":74,"date":"2025-12-22T18:27:20","date_gmt":"2025-12-22T18:27:20","guid":{"rendered":"https:\/\/fornageconstructionbois.fr\/?page_id=74"},"modified":"2026-01-28T13:36:18","modified_gmt":"2026-01-28T13:36:18","slug":"renovation","status":"publish","type":"page","link":"https:\/\/fornageconstructionbois.fr\/index.php\/renovation\/","title":{"rendered":"R\u00e9novation"},"content":{"rendered":"\n<h2 class=\"wp-block-heading has-text-align-center has-marron-color has-beige-clair-background-color has-text-color has-background has-link-color wp-elements-c6e46eae451b2870373f3c04ffcd43a2\">R\u00c9NOVATION<\/h2>\n\n\n\n<div style=\"height:23px\" aria-hidden=\"true\" class=\"wp-block-spacer\"><\/div>\n\n\n\n<p class=\"has-text-align-center\">D\u00e9couvrez toutes nos r\u00e9alisations en images par secteur : <\/p>\n\n\n\n<div style=\"height:23px\" aria-hidden=\"true\" class=\"wp-block-spacer\"><\/div>\n\n\n\n<div class=\"wp-block-columns is-layout-flex wp-container-core-columns-is-layout-9d6595d7 wp-block-columns-is-layout-flex\">\n<div class=\"wp-block-column is-layout-flow wp-block-column-is-layout-flow\">\n<div class=\"wp-block-cover is-light\"><img fetchpriority=\"high\" decoding=\"async\" width=\"768\" height=\"960\" class=\"wp-block-cover__image-background wp-image-721 size-full\" alt=\"\" src=\"https:\/\/fornageconstructionbois.fr\/wp-content\/uploads\/2026\/01\/IMG_0307.jpg\" data-object-fit=\"cover\" srcset=\"https:\/\/fornageconstructionbois.fr\/wp-content\/uploads\/2026\/01\/IMG_0307.jpg 768w, https:\/\/fornageconstructionbois.fr\/wp-content\/uploads\/2026\/01\/IMG_0307-240x300.jpg 240w\" sizes=\"(max-width: 768px) 100vw, 768px\" \/><span aria-hidden=\"true\" class=\"wp-block-cover__background has-background-dim\" style=\"background-color:#a1a6ab\"><\/span><div class=\"wp-block-cover__inner-container is-layout-constrained wp-block-cover-is-layout-constrained\">\n<div class=\"wp-block-buttons is-content-justification-center is-layout-flex wp-container-core-buttons-is-layout-16018d1d wp-block-buttons-is-layout-flex\">\n<div class=\"wp-block-button\"><a class=\"wp-block-button__link wp-element-button\" href=\"https:\/\/fornageconstructionbois.fr\/index.php\/gilley-renovation\/\" style=\"border-top-left-radius:20px;border-top-right-radius:20px;border-bottom-left-radius:20px;border-bottom-right-radius:20px\">Gilley<\/a><\/div>\n<\/div>\n<\/div><\/div>\n<\/div>\n\n\n\n<div class=\"wp-block-column is-layout-flow wp-block-column-is-layout-flow\">\n<div class=\"wp-block-cover is-light\"><img decoding=\"async\" width=\"758\" height=\"1024\" class=\"wp-block-cover__image-background wp-image-984 size-large\" alt=\"\" src=\"https:\/\/fornageconstructionbois.fr\/wp-content\/uploads\/2026\/01\/IMG_0599-2-758x1024.jpg\" data-object-fit=\"cover\" srcset=\"https:\/\/fornageconstructionbois.fr\/wp-content\/uploads\/2026\/01\/IMG_0599-2-758x1024.jpg 758w, https:\/\/fornageconstructionbois.fr\/wp-content\/uploads\/2026\/01\/IMG_0599-2-222x300.jpg 222w, https:\/\/fornageconstructionbois.fr\/wp-content\/uploads\/2026\/01\/IMG_0599-2-768x1037.jpg 768w, https:\/\/fornageconstructionbois.fr\/wp-content\/uploads\/2026\/01\/IMG_0599-2-1137x1536.jpg 1137w, https:\/\/fornageconstructionbois.fr\/wp-content\/uploads\/2026\/01\/IMG_0599-2-1516x2048.jpg 1516w, https:\/\/fornageconstructionbois.fr\/wp-content\/uploads\/2026\/01\/IMG_0599-2-scaled.jpg 1895w\" sizes=\"(max-width: 758px) 100vw, 758px\" \/><span aria-hidden=\"true\" class=\"wp-block-cover__background has-background-dim-40 has-background-dim\" style=\"background-color:#9b9da5\"><\/span><div class=\"wp-block-cover__inner-container is-layout-flow wp-block-cover-is-layout-flow\">\n<div class=\"wp-block-buttons is-content-justification-center is-layout-flex wp-container-core-buttons-is-layout-16018d1d wp-block-buttons-is-layout-flex\">\n<div class=\"wp-block-button\"><a class=\"wp-block-button__link wp-element-button\" href=\"https:\/\/fornageconstructionbois.fr\/index.php\/le-russey-renovation\/\">Le Russey<\/a><\/div>\n<\/div>\n<\/div><\/div>\n<\/div>\n\n\n\n<div class=\"wp-block-column is-layout-flow wp-block-column-is-layout-flow\">\n<div class=\"wp-block-cover is-light\"><img decoding=\"async\" width=\"1024\" height=\"683\" class=\"wp-block-cover__image-background wp-image-725 size-large\" alt=\"\" src=\"https:\/\/fornageconstructionbois.fr\/wp-content\/uploads\/2026\/01\/couverture-6-1024x683.jpg\" data-object-fit=\"cover\" srcset=\"https:\/\/fornageconstructionbois.fr\/wp-content\/uploads\/2026\/01\/couverture-6-1024x683.jpg 1024w, https:\/\/fornageconstructionbois.fr\/wp-content\/uploads\/2026\/01\/couverture-6-300x200.jpg 300w, https:\/\/fornageconstructionbois.fr\/wp-content\/uploads\/2026\/01\/couverture-6-768x512.jpg 768w, https:\/\/fornageconstructionbois.fr\/wp-content\/uploads\/2026\/01\/couverture-6.jpg 1536w\" sizes=\"(max-width: 1024px) 100vw, 1024px\" \/><span aria-hidden=\"true\" class=\"wp-block-cover__background has-background-dim\" style=\"background-color:#a6948f\"><\/span><div class=\"wp-block-cover__inner-container is-layout-constrained wp-block-cover-is-layout-constrained\">\n<div class=\"wp-block-buttons is-content-justification-center is-layout-flex wp-container-core-buttons-is-layout-16018d1d wp-block-buttons-is-layout-flex\">\n<div class=\"wp-block-button\"><a class=\"wp-block-button__link wp-element-button\" href=\"https:\/\/fornageconstructionbois.fr\/index.php\/metablief-renovation\/\" style=\"border-top-left-radius:20px;border-top-right-radius:20px;border-bottom-left-radius:20px;border-bottom-right-radius:20px\">M\u00e9tablief<\/a><\/div>\n<\/div>\n<\/div><\/div>\n<\/div>\n\n\n\n<div class=\"wp-block-column is-layout-flow wp-block-column-is-layout-flow\">\n<div class=\"wp-block-cover is-light\"><img loading=\"lazy\" decoding=\"async\" width=\"640\" height=\"480\" class=\"wp-block-cover__image-background wp-image-726 size-full\" alt=\"\" src=\"https:\/\/fornageconstructionbois.fr\/wp-content\/uploads\/2026\/01\/image4.jpeg\" data-object-fit=\"cover\" srcset=\"https:\/\/fornageconstructionbois.fr\/wp-content\/uploads\/2026\/01\/image4.jpeg 640w, https:\/\/fornageconstructionbois.fr\/wp-content\/uploads\/2026\/01\/image4-300x225.jpeg 300w\" sizes=\"(max-width: 640px) 100vw, 640px\" \/><span aria-hidden=\"true\" class=\"wp-block-cover__background has-background-dim\" style=\"background-color:#96938e\"><\/span><div class=\"wp-block-cover__inner-container is-layout-constrained wp-block-cover-is-layout-constrained\">\n<div class=\"wp-block-buttons is-content-justification-center is-layout-flex wp-container-core-buttons-is-layout-16018d1d wp-block-buttons-is-layout-flex\">\n<div class=\"wp-block-button\"><a class=\"wp-block-button__link wp-element-button\" href=\"https:\/\/fornageconstructionbois.fr\/index.php\/morteau-renovation\/\" style=\"border-top-left-radius:20px;border-top-right-radius:20px;border-bottom-left-radius:20px;border-bottom-right-radius:20px\">Morteau<\/a><\/div>\n<\/div>\n<\/div><\/div>\n<\/div>\n<\/div>\n","protected":false},"excerpt":{"rendered":"<p>R\u00c9NOVATION D\u00e9couvrez toutes nos r\u00e9alisations en images par secteur :<\/p>\n","protected":false},"author":1,"featured_media":0,"parent":0,"menu_order":0,"comment_status":"closed","ping_status":"closed","template":"","meta":{"footnotes":""},"class_list":["post-74","page","type-page","status-publish"],"_links":{"self":[{"href":"https:\/\/fornageconstructionbois.fr\/index.php\/wp-json\/wp\/v2\/pages\/74","targetHints":{"allow":["GET"]}}],"collection":[{"href":"https:\/\/fornageconstructionbois.fr\/index.php\/wp-json\/wp\/v2\/pages"}],"about":[{"href":"https:\/\/fornageconstructionbois.fr\/index.php\/wp-json\/wp\/v2\/types\/page"}],"author":[{"embeddable":true,"href":"https:\/\/fornageconstructionbois.fr\/index.php\/wp-json\/wp\/v2\/users\/1"}],"replies":[{"embeddable":true,"href":"https:\/\/fornageconstructionbois.fr\/index.php\/wp-json\/wp\/v2\/comments?post=74"}],"version-history":[{"count":22,"href":"https:\/\/fornageconstructionbois.fr\/index.php\/wp-json\/wp\/v2\/pages\/74\/revisions"}],"predecessor-version":[{"id":985,"href":"https:\/\/fornageconstructionbois.fr\/index.php\/wp-json\/wp\/v2\/pages\/74\/revisions\/985"}],"wp:attachment":[{"href":"https:\/\/fornageconstructionbois.fr\/index.php\/wp-json\/wp\/v2\/media?parent=74"}],"curies":[{"name":"wp","href":"https:\/\/api.w.org\/{rel}","templated":true}]}}