{"id":78,"date":"2025-12-22T18:27:44","date_gmt":"2025-12-22T18:27:44","guid":{"rendered":"https:\/\/fornageconstructionbois.fr\/?page_id=78"},"modified":"2026-01-26T17:57:10","modified_gmt":"2026-01-26T17:57:10","slug":"panneaux-photovoltaiques","status":"publish","type":"page","link":"https:\/\/fornageconstructionbois.fr\/index.php\/panneaux-photovoltaiques\/","title":{"rendered":"Panneaux photovolta\u00efques"},"content":{"rendered":"\n<h2 class=\"wp-block-heading has-text-align-center has-marron-color has-beige-clair-background-color has-text-color has-background has-link-color wp-elements-fca052398c8f9c94b33a3bab1305bd16\">PANNEAUX PHOTOVOLTA\u00cfQUES<\/h2>\n\n\n\n<div class=\"wp-block-group\"><div class=\"wp-block-group__inner-container is-layout-constrained wp-block-group-is-layout-constrained\">\n<p><\/p>\n\n\n\n<h2 class=\"wp-block-heading has-text-align-center has-marron-color has-text-color has-link-color wp-elements-26707c18d82b98e100c00bb9a0e9a5d2\" style=\"font-size:29px\">PRODUISEZ VOTRE PROPRE \u00c9NERGIE GR\u00c2CE AU SOLAIRE<\/h2>\n\n\n\n<div style=\"height:18px\" aria-hidden=\"true\" class=\"wp-block-spacer\"><\/div>\n\n\n\n<p class=\"has-text-align-center\">Chez&nbsp;Fornage Construction Bois, nous vous accompagnons dans l\u2019installation de&nbsp;panneaux photovolta\u00efques&nbsp;pour votre maison ou votre b\u00e2timent professionnel. Bas\u00e9s \u00e0 Pontarlier, nous proposons des solutions solaires adapt\u00e9es \u00e0 votre projet, en construction neuve comme en r\u00e9novation, afin de vous permettre de produire une \u00e9nergie propre, durable et \u00e9conomique.<\/p>\n\n\n\n<div style=\"height:37px\" aria-hidden=\"true\" class=\"wp-block-spacer\"><\/div>\n\n\n\n<div class=\"wp-block-columns is-layout-flex wp-container-core-columns-is-layout-9d6595d7 wp-block-columns-is-layout-flex\">\n<div class=\"wp-block-column is-layout-flow wp-block-column-is-layout-flow\">\n<figure class=\"wp-block-image size-large image-contour\" id=\"image-contour\"><img fetchpriority=\"high\" decoding=\"async\" width=\"768\" height=\"1024\" src=\"https:\/\/fornageconstructionbois.fr\/wp-content\/uploads\/2026\/01\/COUVERTURE-768x1024.jpeg\" alt=\"\" class=\"wp-image-532\" srcset=\"https:\/\/fornageconstructionbois.fr\/wp-content\/uploads\/2026\/01\/COUVERTURE-768x1024.jpeg 768w, https:\/\/fornageconstructionbois.fr\/wp-content\/uploads\/2026\/01\/COUVERTURE-225x300.jpeg 225w, https:\/\/fornageconstructionbois.fr\/wp-content\/uploads\/2026\/01\/COUVERTURE-1152x1536.jpeg 1152w, https:\/\/fornageconstructionbois.fr\/wp-content\/uploads\/2026\/01\/COUVERTURE-1536x2048.jpeg 1536w, https:\/\/fornageconstructionbois.fr\/wp-content\/uploads\/2026\/01\/COUVERTURE-scaled.jpeg 1920w\" sizes=\"(max-width: 768px) 100vw, 768px\" \/><\/figure>\n<\/div>\n\n\n\n<div class=\"wp-block-column is-layout-flow wp-block-column-is-layout-flow\">\n<figure class=\"wp-block-image size-large\"><img decoding=\"async\" width=\"768\" height=\"1024\" src=\"https:\/\/fornageconstructionbois.fr\/wp-content\/uploads\/2026\/01\/IMG_0020-768x1024.jpeg\" alt=\"\" class=\"wp-image-533\" srcset=\"https:\/\/fornageconstructionbois.fr\/wp-content\/uploads\/2026\/01\/IMG_0020-768x1024.jpeg 768w, https:\/\/fornageconstructionbois.fr\/wp-content\/uploads\/2026\/01\/IMG_0020-225x300.jpeg 225w, https:\/\/fornageconstructionbois.fr\/wp-content\/uploads\/2026\/01\/IMG_0020-1152x1536.jpeg 1152w, https:\/\/fornageconstructionbois.fr\/wp-content\/uploads\/2026\/01\/IMG_0020-1536x2048.jpeg 1536w, https:\/\/fornageconstructionbois.fr\/wp-content\/uploads\/2026\/01\/IMG_0020-scaled.jpeg 1920w\" sizes=\"(max-width: 768px) 100vw, 768px\" \/><\/figure>\n<\/div>\n\n\n\n<div class=\"wp-block-column is-layout-flow wp-block-column-is-layout-flow\">\n<figure class=\"wp-block-image size-large\"><img decoding=\"async\" width=\"768\" height=\"1024\" src=\"https:\/\/fornageconstructionbois.fr\/wp-content\/uploads\/2026\/01\/IMG_0230-768x1024.jpeg\" alt=\"\" class=\"wp-image-535\" srcset=\"https:\/\/fornageconstructionbois.fr\/wp-content\/uploads\/2026\/01\/IMG_0230-768x1024.jpeg 768w, https:\/\/fornageconstructionbois.fr\/wp-content\/uploads\/2026\/01\/IMG_0230-225x300.jpeg 225w, https:\/\/fornageconstructionbois.fr\/wp-content\/uploads\/2026\/01\/IMG_0230-1152x1536.jpeg 1152w, https:\/\/fornageconstructionbois.fr\/wp-content\/uploads\/2026\/01\/IMG_0230-1536x2048.jpeg 1536w, https:\/\/fornageconstructionbois.fr\/wp-content\/uploads\/2026\/01\/IMG_0230-scaled.jpeg 1920w\" sizes=\"(max-width: 768px) 100vw, 768px\" \/><\/figure>\n<\/div>\n<\/div>\n<\/div><\/div>\n\n\n\n<div class=\"wp-block-group .image-contour img {  border: 3px solid #9EAE87; border-radius: 5px; padding: 2px; }\"><div class=\"wp-block-group__inner-container is-layout-constrained wp-block-group-is-layout-constrained\">\n<h2 class=\"wp-block-heading has-text-align-center has-marron-color has-text-color has-link-color wp-elements-8657938be8d18ceec589d91e6a678ac6\" style=\"font-size:29px\">UNE SOLUTION \u00c9NERG\u00c9TIQUE DURABLE ET PERFORMANTE<\/h2>\n\n\n\n<div style=\"height:18px\" aria-hidden=\"true\" class=\"wp-block-spacer\"><\/div>\n\n\n\n<p class=\"has-text-align-center\">L\u2019installation de panneaux photovolta\u00efques vous permet de r\u00e9duire votre facture d\u2019\u00e9lectricit\u00e9 tout en valorisant votre b\u00e2timent. Associ\u00e9e \u00e0 notre expertise en charpente et construction bois, la pose des panneaux solaires est r\u00e9alis\u00e9e dans le respect de votre toiture et de son \u00e9tanch\u00e9it\u00e9.<\/p>\n\n\n\n<p class=\"has-text-align-center\">Nous vous conseillons sur la solution la plus adapt\u00e9e \u00e0 votre configuration : orientation, surface disponible, type de toiture et objectifs de consommation.<\/p>\n\n\n\n<div style=\"height:48px\" aria-hidden=\"true\" class=\"wp-block-spacer\"><\/div>\n<\/div><\/div>\n\n\n\n<div class=\"wp-block-group has-vert-deau-background-color has-background\"><div class=\"wp-block-group__inner-container is-layout-constrained wp-block-group-is-layout-constrained\">\n<div style=\"height:23px\" aria-hidden=\"true\" class=\"wp-block-spacer\"><\/div>\n\n\n\n<h2 class=\"wp-block-heading has-text-align-center has-base-3-color has-text-color has-link-color wp-elements-ba11bf0ff6e14a21b7ce0b25f55120ec\" style=\"font-size:29px\"><strong>NOS PRESTATIONS EN PANNEAUX PHOTOVOLTA\u00cfQUES<\/strong><\/h2>\n\n\n\n<div style=\"height:39px\" aria-hidden=\"true\" class=\"wp-block-spacer\"><\/div>\n\n\n\n<div class=\"wp-block-columns has-beige-clair-background-color has-background is-layout-flex wp-container-core-columns-is-layout-9d6595d7 wp-block-columns-is-layout-flex\">\n<div class=\"wp-block-column is-layout-flow wp-block-column-is-layout-flow\">\n<div style=\"height:17px\" aria-hidden=\"true\" class=\"wp-block-spacer\"><\/div>\n\n\n<div class=\"wp-block-image\">\n<figure class=\"aligncenter size-full is-resized\"><img loading=\"lazy\" decoding=\"async\" width=\"512\" height=\"512\" src=\"https:\/\/fornageconstructionbois.fr\/wp-content\/uploads\/2025\/12\/image-4.png\" alt=\"\" class=\"wp-image-400\" style=\"width:42px;height:auto\" srcset=\"https:\/\/fornageconstructionbois.fr\/wp-content\/uploads\/2025\/12\/image-4.png 512w, https:\/\/fornageconstructionbois.fr\/wp-content\/uploads\/2025\/12\/image-4-300x300.png 300w, https:\/\/fornageconstructionbois.fr\/wp-content\/uploads\/2025\/12\/image-4-150x150.png 150w\" sizes=\"(max-width: 512px) 100vw, 512px\" \/><\/figure>\n<\/div>\n\n\n<div style=\"height:32px\" aria-hidden=\"true\" class=\"wp-block-spacer\"><\/div>\n\n\n\n<p class=\"has-text-align-center\">INSTALLATION SUR MAISONS INDIVIDUELLES<\/p>\n\n\n\n<p class=\"has-text-align-center\" style=\"font-size:16px\">Pose de panneaux photovolta\u00efques sur toiture neuve ou existante, int\u00e9gr\u00e9e harmonieusement \u00e0 votre couverture.<\/p>\n<\/div>\n\n\n\n<div class=\"wp-block-column is-layout-flow wp-block-column-is-layout-flow\">\n<div style=\"height:17px\" aria-hidden=\"true\" class=\"wp-block-spacer\"><\/div>\n\n\n<div class=\"wp-block-image\">\n<figure class=\"aligncenter size-full is-resized\"><img loading=\"lazy\" decoding=\"async\" width=\"512\" height=\"512\" src=\"https:\/\/fornageconstructionbois.fr\/wp-content\/uploads\/2025\/12\/image-4.png\" alt=\"\" class=\"wp-image-400\" style=\"width:42px;height:auto\" srcset=\"https:\/\/fornageconstructionbois.fr\/wp-content\/uploads\/2025\/12\/image-4.png 512w, https:\/\/fornageconstructionbois.fr\/wp-content\/uploads\/2025\/12\/image-4-300x300.png 300w, https:\/\/fornageconstructionbois.fr\/wp-content\/uploads\/2025\/12\/image-4-150x150.png 150w\" sizes=\"(max-width: 512px) 100vw, 512px\" \/><\/figure>\n<\/div>\n\n\n<div style=\"height:32px\" aria-hidden=\"true\" class=\"wp-block-spacer\"><\/div>\n\n\n\n<p class=\"has-text-align-center\">INSTALLATION SUR B\u00c2TIMENTS PROFESSIONNELS<\/p>\n\n\n\n<p class=\"has-text-align-center\" style=\"font-size:16px\">Solutions solaires adapt\u00e9es aux b\u00e2timents agricoles, industriels ou tertiaires, pour optimiser la production d\u2019\u00e9nergie.<\/p>\n<\/div>\n\n\n\n<div class=\"wp-block-column is-layout-flow wp-block-column-is-layout-flow\">\n<div style=\"height:17px\" aria-hidden=\"true\" class=\"wp-block-spacer\"><\/div>\n\n\n<div class=\"wp-block-image\">\n<figure class=\"aligncenter size-full is-resized\"><img loading=\"lazy\" decoding=\"async\" width=\"512\" height=\"512\" src=\"https:\/\/fornageconstructionbois.fr\/wp-content\/uploads\/2025\/12\/image-4.png\" alt=\"\" class=\"wp-image-400\" style=\"width:42px;height:auto\" srcset=\"https:\/\/fornageconstructionbois.fr\/wp-content\/uploads\/2025\/12\/image-4.png 512w, https:\/\/fornageconstructionbois.fr\/wp-content\/uploads\/2025\/12\/image-4-300x300.png 300w, https:\/\/fornageconstructionbois.fr\/wp-content\/uploads\/2025\/12\/image-4-150x150.png 150w\" sizes=\"(max-width: 512px) 100vw, 512px\" \/><\/figure>\n<\/div>\n\n\n<div style=\"height:32px\" aria-hidden=\"true\" class=\"wp-block-spacer\"><\/div>\n\n\n\n<p class=\"has-text-align-center\">INT\u00c9GRATION \u00c0 LA STRUCTURE EXISTANTE<\/p>\n\n\n\n<p class=\"has-text-align-center\" style=\"font-size:16px\">Gr\u00e2ce \u00e0 notre savoir-faire en charpente, nous assurons une installation fiable, s\u00e9curis\u00e9e et durable, sans compromettre la solidit\u00e9 du b\u00e2ti.<\/p>\n<\/div>\n<\/div>\n<\/div><\/div>\n","protected":false},"excerpt":{"rendered":"<p>PANNEAUX PHOTOVOLTA\u00cfQUES PRODUISEZ VOTRE PROPRE \u00c9NERGIE GR\u00c2CE AU SOLAIRE Chez&nbsp;Fornage Construction Bois, nous vous accompagnons dans l\u2019installation de&nbsp;panneaux photovolta\u00efques&nbsp;pour votre maison ou votre b\u00e2timent professionnel. Bas\u00e9s \u00e0 Pontarlier, nous proposons des solutions solaires adapt\u00e9es \u00e0 votre projet, en construction neuve comme en r\u00e9novation, afin de vous permettre de produire une \u00e9nergie propre, durable et \u00e9conomique. &#8230; <a title=\"Panneaux photovolta\u00efques\" class=\"read-more\" href=\"https:\/\/fornageconstructionbois.fr\/index.php\/panneaux-photovoltaiques\/\" aria-label=\"En savoir plus sur Panneaux photovolta\u00efques\">Lire la suite<\/a><\/p>\n","protected":false},"author":1,"featured_media":0,"parent":0,"menu_order":0,"comment_status":"closed","ping_status":"closed","template":"","meta":{"footnotes":""},"class_list":["post-78","page","type-page","status-publish"],"_links":{"self":[{"href":"https:\/\/fornageconstructionbois.fr\/index.php\/wp-json\/wp\/v2\/pages\/78","targetHints":{"allow":["GET"]}}],"collection":[{"href":"https:\/\/fornageconstructionbois.fr\/index.php\/wp-json\/wp\/v2\/pages"}],"about":[{"href":"https:\/\/fornageconstructionbois.fr\/index.php\/wp-json\/wp\/v2\/types\/page"}],"author":[{"embeddable":true,"href":"https:\/\/fornageconstructionbois.fr\/index.php\/wp-json\/wp\/v2\/users\/1"}],"replies":[{"embeddable":true,"href":"https:\/\/fornageconstructionbois.fr\/index.php\/wp-json\/wp\/v2\/comments?post=78"}],"version-history":[{"count":25,"href":"https:\/\/fornageconstructionbois.fr\/index.php\/wp-json\/wp\/v2\/pages\/78\/revisions"}],"predecessor-version":[{"id":567,"href":"https:\/\/fornageconstructionbois.fr\/index.php\/wp-json\/wp\/v2\/pages\/78\/revisions\/567"}],"wp:attachment":[{"href":"https:\/\/fornageconstructionbois.fr\/index.php\/wp-json\/wp\/v2\/media?parent=78"}],"curies":[{"name":"wp","href":"https:\/\/api.w.org\/{rel}","templated":true}]}}