{"id":82,"date":"2025-12-22T18:28:07","date_gmt":"2025-12-22T18:28:07","guid":{"rendered":"https:\/\/fornageconstructionbois.fr\/?page_id=82"},"modified":"2026-01-26T22:35:43","modified_gmt":"2026-01-26T22:35:43","slug":"agencement-interieur","status":"publish","type":"page","link":"https:\/\/fornageconstructionbois.fr\/index.php\/agencement-interieur\/","title":{"rendered":"Agencement int\u00e9rieur"},"content":{"rendered":"\n<h2 class=\"wp-block-heading has-text-align-center has-marron-color has-beige-clair-background-color has-text-color has-background has-link-color wp-elements-5fc620355da74c0a2f585e7845d262f7\">AGENCEMENT INT\u00c9RIEUR<\/h2>\n\n\n\n<div class=\"wp-block-group\"><div class=\"wp-block-group__inner-container is-layout-constrained wp-block-group-is-layout-constrained\">\n<p class=\"has-text-align-center\">D\u00e9couvrez toutes nos r\u00e9alisations en images par secteur : <\/p>\n<\/div><\/div>\n\n\n\n<div class=\"wp-block-columns alignwide is-layout-flex wp-container-core-columns-is-layout-9d6595d7 wp-block-columns-is-layout-flex\">\n<div class=\"wp-block-column is-layout-flow wp-block-column-is-layout-flow\">\n<div class=\"wp-block-cover is-light\"><img fetchpriority=\"high\" decoding=\"async\" width=\"1024\" height=\"768\" class=\"wp-block-cover__image-background wp-image-571 size-large\" alt=\"\" src=\"https:\/\/fornageconstructionbois.fr\/wp-content\/uploads\/2026\/01\/COUVERTURE-3-1024x768.jpg\" data-object-fit=\"cover\" srcset=\"https:\/\/fornageconstructionbois.fr\/wp-content\/uploads\/2026\/01\/COUVERTURE-3-1024x768.jpg 1024w, https:\/\/fornageconstructionbois.fr\/wp-content\/uploads\/2026\/01\/COUVERTURE-3-300x225.jpg 300w, https:\/\/fornageconstructionbois.fr\/wp-content\/uploads\/2026\/01\/COUVERTURE-3-768x576.jpg 768w, https:\/\/fornageconstructionbois.fr\/wp-content\/uploads\/2026\/01\/COUVERTURE-3-1536x1152.jpg 1536w, https:\/\/fornageconstructionbois.fr\/wp-content\/uploads\/2026\/01\/COUVERTURE-3.jpg 2048w\" sizes=\"(max-width: 1024px) 100vw, 1024px\" \/><span aria-hidden=\"true\" class=\"wp-block-cover__background has-background-dim\" style=\"background-color:#a19587\"><\/span><div class=\"wp-block-cover__inner-container is-layout-constrained wp-block-cover-is-layout-constrained\">\n<div class=\"wp-block-buttons is-content-justification-center is-layout-flex wp-container-core-buttons-is-layout-16018d1d wp-block-buttons-is-layout-flex\">\n<div class=\"wp-block-button is-style-fill\"><a class=\"wp-block-button__link wp-element-button\" href=\"https:\/\/fornageconstructionbois.fr\/index.php\/574-2\/\">Rochejean<\/a><\/div>\n<\/div>\n<\/div><\/div>\n<\/div>\n\n\n\n<div class=\"wp-block-column is-layout-flow wp-block-column-is-layout-flow\">\n<div class=\"wp-block-cover is-light\"><img decoding=\"async\" width=\"750\" height=\"555\" class=\"wp-block-cover__image-background wp-image-572 size-full\" alt=\"\" src=\"https:\/\/fornageconstructionbois.fr\/wp-content\/uploads\/2026\/01\/IMG_0511.jpg\" data-object-fit=\"cover\" srcset=\"https:\/\/fornageconstructionbois.fr\/wp-content\/uploads\/2026\/01\/IMG_0511.jpg 750w, https:\/\/fornageconstructionbois.fr\/wp-content\/uploads\/2026\/01\/IMG_0511-300x222.jpg 300w\" sizes=\"(max-width: 750px) 100vw, 750px\" \/><span aria-hidden=\"true\" class=\"wp-block-cover__background has-background-dim\" style=\"background-color:#c9a36c\"><\/span><div class=\"wp-block-cover__inner-container is-layout-constrained wp-block-cover-is-layout-constrained\">\n<div class=\"wp-block-buttons is-content-justification-center is-layout-flex wp-container-core-buttons-is-layout-16018d1d wp-block-buttons-is-layout-flex\">\n<div class=\"wp-block-button\"><a class=\"wp-block-button__link wp-element-button\" href=\"https:\/\/fornageconstructionbois.fr\/index.php\/la-chaux-de-gilley\/\">La Chaux de Gilley<\/a><\/div>\n<\/div>\n<\/div><\/div>\n<\/div>\n<\/div>\n","protected":false},"excerpt":{"rendered":"<p>AGENCEMENT INT\u00c9RIEUR D\u00e9couvrez toutes nos r\u00e9alisations en images par secteur :<\/p>\n","protected":false},"author":1,"featured_media":0,"parent":0,"menu_order":0,"comment_status":"closed","ping_status":"closed","template":"","meta":{"footnotes":""},"class_list":["post-82","page","type-page","status-publish"],"_links":{"self":[{"href":"https:\/\/fornageconstructionbois.fr\/index.php\/wp-json\/wp\/v2\/pages\/82","targetHints":{"allow":["GET"]}}],"collection":[{"href":"https:\/\/fornageconstructionbois.fr\/index.php\/wp-json\/wp\/v2\/pages"}],"about":[{"href":"https:\/\/fornageconstructionbois.fr\/index.php\/wp-json\/wp\/v2\/types\/page"}],"author":[{"embeddable":true,"href":"https:\/\/fornageconstructionbois.fr\/index.php\/wp-json\/wp\/v2\/users\/1"}],"replies":[{"embeddable":true,"href":"https:\/\/fornageconstructionbois.fr\/index.php\/wp-json\/wp\/v2\/comments?post=82"}],"version-history":[{"count":54,"href":"https:\/\/fornageconstructionbois.fr\/index.php\/wp-json\/wp\/v2\/pages\/82\/revisions"}],"predecessor-version":[{"id":619,"href":"https:\/\/fornageconstructionbois.fr\/index.php\/wp-json\/wp\/v2\/pages\/82\/revisions\/619"}],"wp:attachment":[{"href":"https:\/\/fornageconstructionbois.fr\/index.php\/wp-json\/wp\/v2\/media?parent=82"}],"curies":[{"name":"wp","href":"https:\/\/api.w.org\/{rel}","templated":true}]}}