{"id":85,"date":"2025-12-22T18:29:06","date_gmt":"2025-12-22T18:29:06","guid":{"rendered":"https:\/\/fornageconstructionbois.fr\/?page_id=85"},"modified":"2026-01-26T23:08:34","modified_gmt":"2026-01-26T23:08:34","slug":"batiments-professionnels","status":"publish","type":"page","link":"https:\/\/fornageconstructionbois.fr\/index.php\/batiments-professionnels\/","title":{"rendered":"B\u00e2timents professionnels"},"content":{"rendered":"\n<h2 class=\"wp-block-heading has-text-align-center has-marron-color has-beige-clair-background-color has-text-color has-background has-link-color wp-elements-3bdd91a784c7a3f75be301919ca60024\">B\u00c2TIMENTS PROFESSIONNELS<\/h2>\n\n\n\n<div style=\"height:26px\" aria-hidden=\"true\" class=\"wp-block-spacer\"><\/div>\n\n\n\n<div class=\"wp-block-group\"><div class=\"wp-block-group__inner-container is-layout-constrained wp-block-group-is-layout-constrained\">\n<h2 class=\"wp-block-heading has-text-align-center has-marron-color has-text-color has-link-color wp-elements-dad40b2ce9012542d43b7a26f3ecba02\" style=\"font-size:29px\">DES CONSTRUCTIONS BOIS ADAPT\u00c9ES \u00c0 VOS BESOINS PROFESSIONNELS<\/h2>\n\n\n\n<p class=\"has-text-align-center\">Chez&nbsp;Fornage Construction Bois, nous concevons et r\u00e9alisons des&nbsp;b\u00e2timents professionnels en bois&nbsp;pour les entreprises, artisans, exploitations agricoles et collectivit\u00e9s. Bas\u00e9s \u00e0 Pontarlier, nous proposons des solutions sur mesure, durables et performantes, adapt\u00e9es aux usages professionnels et aux contraintes techniques de chaque activit\u00e9.<\/p>\n\n\n\n<div style=\"height:41px\" aria-hidden=\"true\" class=\"wp-block-spacer\"><\/div>\n\n\n\n<h2 class=\"wp-block-heading has-text-align-center has-vert-deau-color has-text-color has-link-color wp-elements-ef994e1234cb0fdc61fee2c572cff812\" style=\"font-size:20px\">BAR \u00c0 BI\u00c8RE \u00c0 PONTARLIER (25)<\/h2>\n\n\n\n<div style=\"height:44px\" aria-hidden=\"true\" class=\"wp-block-spacer\"><\/div>\n\n\n\n<div class=\"wp-block-columns is-layout-flex wp-container-core-columns-is-layout-9d6595d7 wp-block-columns-is-layout-flex\">\n<div class=\"wp-block-column is-layout-flow wp-block-column-is-layout-flow\">\n<figure class=\"wp-block-image size-large\"><img fetchpriority=\"high\" decoding=\"async\" width=\"768\" height=\"1024\" src=\"https:\/\/fornageconstructionbois.fr\/wp-content\/uploads\/2026\/01\/bardage_new_life-768x1024.jpg\" alt=\"\" class=\"wp-image-540\" srcset=\"https:\/\/fornageconstructionbois.fr\/wp-content\/uploads\/2026\/01\/bardage_new_life-768x1024.jpg 768w, https:\/\/fornageconstructionbois.fr\/wp-content\/uploads\/2026\/01\/bardage_new_life-225x300.jpg 225w, https:\/\/fornageconstructionbois.fr\/wp-content\/uploads\/2026\/01\/bardage_new_life-1152x1536.jpg 1152w, https:\/\/fornageconstructionbois.fr\/wp-content\/uploads\/2026\/01\/bardage_new_life-1536x2048.jpg 1536w, https:\/\/fornageconstructionbois.fr\/wp-content\/uploads\/2026\/01\/bardage_new_life-scaled.jpg 1920w\" sizes=\"(max-width: 768px) 100vw, 768px\" \/><\/figure>\n<\/div>\n\n\n\n<div class=\"wp-block-column is-layout-flow wp-block-column-is-layout-flow\">\n<figure class=\"wp-block-image size-large\"><img decoding=\"async\" width=\"768\" height=\"1024\" src=\"https:\/\/fornageconstructionbois.fr\/wp-content\/uploads\/2026\/01\/bar_a_biere-1-768x1024.jpg\" alt=\"\" class=\"wp-image-539\" srcset=\"https:\/\/fornageconstructionbois.fr\/wp-content\/uploads\/2026\/01\/bar_a_biere-1-768x1024.jpg 768w, https:\/\/fornageconstructionbois.fr\/wp-content\/uploads\/2026\/01\/bar_a_biere-1-225x300.jpg 225w, https:\/\/fornageconstructionbois.fr\/wp-content\/uploads\/2026\/01\/bar_a_biere-1-1152x1536.jpg 1152w, https:\/\/fornageconstructionbois.fr\/wp-content\/uploads\/2026\/01\/bar_a_biere-1-1536x2048.jpg 1536w, https:\/\/fornageconstructionbois.fr\/wp-content\/uploads\/2026\/01\/bar_a_biere-1-scaled.jpg 1920w\" sizes=\"(max-width: 768px) 100vw, 768px\" \/><\/figure>\n<\/div>\n\n\n\n<div class=\"wp-block-column is-layout-flow wp-block-column-is-layout-flow\">\n<figure class=\"wp-block-image size-large\"><img decoding=\"async\" width=\"768\" height=\"1024\" src=\"https:\/\/fornageconstructionbois.fr\/wp-content\/uploads\/2026\/01\/vente_a_emporter-768x1024.jpg\" alt=\"\" class=\"wp-image-541\" srcset=\"https:\/\/fornageconstructionbois.fr\/wp-content\/uploads\/2026\/01\/vente_a_emporter-768x1024.jpg 768w, https:\/\/fornageconstructionbois.fr\/wp-content\/uploads\/2026\/01\/vente_a_emporter-225x300.jpg 225w, https:\/\/fornageconstructionbois.fr\/wp-content\/uploads\/2026\/01\/vente_a_emporter-1152x1536.jpg 1152w, https:\/\/fornageconstructionbois.fr\/wp-content\/uploads\/2026\/01\/vente_a_emporter-1536x2048.jpg 1536w, https:\/\/fornageconstructionbois.fr\/wp-content\/uploads\/2026\/01\/vente_a_emporter-scaled.jpg 1920w\" sizes=\"(max-width: 768px) 100vw, 768px\" \/><\/figure>\n<\/div>\n<\/div>\n\n\n\n<div style=\"height:43px\" aria-hidden=\"true\" class=\"wp-block-spacer\"><\/div>\n\n\n\n<h2 class=\"wp-block-heading has-text-align-center has-vert-deau-color has-text-color has-link-color wp-elements-d680031a1c2f2d25a5cd93f53deefa0e\" style=\"font-size:20px\">B\u00c2TIMENTS AGRICOLES<\/h2>\n\n\n\n<div style=\"height:43px\" aria-hidden=\"true\" class=\"wp-block-spacer\"><\/div>\n\n\n\n<figure class=\"wp-block-gallery has-nested-images columns-default is-cropped wp-block-gallery-1 is-layout-flex wp-block-gallery-is-layout-flex\">\n<figure class=\"wp-block-image size-large\"><img loading=\"lazy\" decoding=\"async\" width=\"1024\" height=\"768\" data-id=\"552\" src=\"https:\/\/fornageconstructionbois.fr\/wp-content\/uploads\/2026\/01\/IMG_0237-2-1024x768.jpg\" alt=\"\" class=\"wp-image-552\" srcset=\"https:\/\/fornageconstructionbois.fr\/wp-content\/uploads\/2026\/01\/IMG_0237-2-1024x768.jpg 1024w, https:\/\/fornageconstructionbois.fr\/wp-content\/uploads\/2026\/01\/IMG_0237-2-300x225.jpg 300w, https:\/\/fornageconstructionbois.fr\/wp-content\/uploads\/2026\/01\/IMG_0237-2-768x576.jpg 768w, https:\/\/fornageconstructionbois.fr\/wp-content\/uploads\/2026\/01\/IMG_0237-2-1536x1152.jpg 1536w, https:\/\/fornageconstructionbois.fr\/wp-content\/uploads\/2026\/01\/IMG_0237-2-2048x1536.jpg 2048w\" sizes=\"(max-width: 1024px) 100vw, 1024px\" \/><\/figure>\n\n\n\n<figure class=\"wp-block-image size-large\"><img loading=\"lazy\" decoding=\"async\" width=\"1024\" height=\"768\" data-id=\"553\" src=\"https:\/\/fornageconstructionbois.fr\/wp-content\/uploads\/2026\/01\/IMG_0367-1-1024x768.jpg\" alt=\"\" class=\"wp-image-553\" srcset=\"https:\/\/fornageconstructionbois.fr\/wp-content\/uploads\/2026\/01\/IMG_0367-1-1024x768.jpg 1024w, https:\/\/fornageconstructionbois.fr\/wp-content\/uploads\/2026\/01\/IMG_0367-1-300x225.jpg 300w, https:\/\/fornageconstructionbois.fr\/wp-content\/uploads\/2026\/01\/IMG_0367-1-768x576.jpg 768w, https:\/\/fornageconstructionbois.fr\/wp-content\/uploads\/2026\/01\/IMG_0367-1-1536x1152.jpg 1536w, https:\/\/fornageconstructionbois.fr\/wp-content\/uploads\/2026\/01\/IMG_0367-1-2048x1536.jpg 2048w\" sizes=\"(max-width: 1024px) 100vw, 1024px\" \/><\/figure>\n\n\n\n<figure class=\"wp-block-image size-large\"><img loading=\"lazy\" decoding=\"async\" width=\"750\" height=\"561\" data-id=\"554\" src=\"https:\/\/fornageconstructionbois.fr\/wp-content\/uploads\/2026\/01\/IMG_0582-1.png\" alt=\"\" class=\"wp-image-554\" srcset=\"https:\/\/fornageconstructionbois.fr\/wp-content\/uploads\/2026\/01\/IMG_0582-1.png 750w, https:\/\/fornageconstructionbois.fr\/wp-content\/uploads\/2026\/01\/IMG_0582-1-300x224.png 300w\" sizes=\"(max-width: 750px) 100vw, 750px\" \/><\/figure>\n\n\n\n<figure class=\"wp-block-image size-large\"><img loading=\"lazy\" decoding=\"async\" width=\"768\" height=\"1024\" data-id=\"555\" src=\"https:\/\/fornageconstructionbois.fr\/wp-content\/uploads\/2026\/01\/COUVERTURE-2-768x1024.jpg\" alt=\"\" class=\"wp-image-555\" srcset=\"https:\/\/fornageconstructionbois.fr\/wp-content\/uploads\/2026\/01\/COUVERTURE-2-768x1024.jpg 768w, https:\/\/fornageconstructionbois.fr\/wp-content\/uploads\/2026\/01\/COUVERTURE-2-225x300.jpg 225w, https:\/\/fornageconstructionbois.fr\/wp-content\/uploads\/2026\/01\/COUVERTURE-2-1152x1536.jpg 1152w, https:\/\/fornageconstructionbois.fr\/wp-content\/uploads\/2026\/01\/COUVERTURE-2-1536x2048.jpg 1536w, https:\/\/fornageconstructionbois.fr\/wp-content\/uploads\/2026\/01\/COUVERTURE-2-scaled.jpg 1920w\" sizes=\"(max-width: 768px) 100vw, 768px\" \/><\/figure>\n\n\n\n<figure class=\"wp-block-image size-large\"><img loading=\"lazy\" decoding=\"async\" width=\"768\" height=\"1024\" data-id=\"556\" src=\"https:\/\/fornageconstructionbois.fr\/wp-content\/uploads\/2026\/01\/IMG_0737-1-768x1024.jpg\" alt=\"\" class=\"wp-image-556\" srcset=\"https:\/\/fornageconstructionbois.fr\/wp-content\/uploads\/2026\/01\/IMG_0737-1-768x1024.jpg 768w, https:\/\/fornageconstructionbois.fr\/wp-content\/uploads\/2026\/01\/IMG_0737-1-225x300.jpg 225w, https:\/\/fornageconstructionbois.fr\/wp-content\/uploads\/2026\/01\/IMG_0737-1-1152x1536.jpg 1152w, https:\/\/fornageconstructionbois.fr\/wp-content\/uploads\/2026\/01\/IMG_0737-1-1536x2048.jpg 1536w, https:\/\/fornageconstructionbois.fr\/wp-content\/uploads\/2026\/01\/IMG_0737-1-scaled.jpg 1920w\" sizes=\"(max-width: 768px) 100vw, 768px\" \/><\/figure>\n\n\n\n<figure class=\"wp-block-image size-large\"><img loading=\"lazy\" decoding=\"async\" width=\"768\" height=\"1024\" data-id=\"557\" src=\"https:\/\/fornageconstructionbois.fr\/wp-content\/uploads\/2026\/01\/IMG_0742-1-768x1024.jpg\" alt=\"\" class=\"wp-image-557\" srcset=\"https:\/\/fornageconstructionbois.fr\/wp-content\/uploads\/2026\/01\/IMG_0742-1-768x1024.jpg 768w, https:\/\/fornageconstructionbois.fr\/wp-content\/uploads\/2026\/01\/IMG_0742-1-225x300.jpg 225w, https:\/\/fornageconstructionbois.fr\/wp-content\/uploads\/2026\/01\/IMG_0742-1-1152x1536.jpg 1152w, https:\/\/fornageconstructionbois.fr\/wp-content\/uploads\/2026\/01\/IMG_0742-1-1536x2048.jpg 1536w, https:\/\/fornageconstructionbois.fr\/wp-content\/uploads\/2026\/01\/IMG_0742-1-scaled.jpg 1920w\" sizes=\"(max-width: 768px) 100vw, 768px\" \/><\/figure>\n<\/figure>\n<\/div><\/div>\n\n\n\n<div class=\"wp-block-group\"><div class=\"wp-block-group__inner-container is-layout-constrained wp-block-group-is-layout-constrained\">\n<div style=\"height:45px\" aria-hidden=\"true\" class=\"wp-block-spacer\"><\/div>\n\n\n\n<h2 class=\"wp-block-heading has-text-align-center has-marron-color has-text-color has-link-color wp-elements-a3de5e987ddfa31b82b9bc86ab9f29f0\" style=\"font-size:29px\">UNE SOLUTION RESPONSABLE ET PERFORMANTE<\/h2>\n\n\n\n<p class=\"has-text-align-center\">Le bois est un mat\u00e9riau parfaitement adapt\u00e9 aux b\u00e2timents professionnels : robuste, rapide \u00e0 mettre en \u0153uvre et respectueux de l\u2019environnement. Il permet de cr\u00e9er des structures fonctionnelles, modulables et \u00e9conomes en \u00e9nergie, tout en offrant une excellente long\u00e9vit\u00e9.<\/p>\n\n\n\n<p class=\"has-text-align-center\">Gr\u00e2ce \u00e0 notre expertise en charpente et construction bois, nous assurons des r\u00e9alisations fiables, conformes aux normes en vigueur et pens\u00e9es pour durer.<\/p>\n<\/div><\/div>\n\n\n\n<p><\/p>\n","protected":false},"excerpt":{"rendered":"<p>B\u00c2TIMENTS PROFESSIONNELS DES CONSTRUCTIONS BOIS ADAPT\u00c9ES \u00c0 VOS BESOINS PROFESSIONNELS Chez&nbsp;Fornage Construction Bois, nous concevons et r\u00e9alisons des&nbsp;b\u00e2timents professionnels en bois&nbsp;pour les entreprises, artisans, exploitations agricoles et collectivit\u00e9s. Bas\u00e9s \u00e0 Pontarlier, nous proposons des solutions sur mesure, durables et performantes, adapt\u00e9es aux usages professionnels et aux contraintes techniques de chaque activit\u00e9. BAR \u00c0 BI\u00c8RE \u00c0 &#8230; <a title=\"B\u00e2timents professionnels\" class=\"read-more\" href=\"https:\/\/fornageconstructionbois.fr\/index.php\/batiments-professionnels\/\" aria-label=\"En savoir plus sur B\u00e2timents professionnels\">Lire la suite<\/a><\/p>\n","protected":false},"author":1,"featured_media":0,"parent":0,"menu_order":0,"comment_status":"closed","ping_status":"closed","template":"","meta":{"footnotes":""},"class_list":["post-85","page","type-page","status-publish"],"_links":{"self":[{"href":"https:\/\/fornageconstructionbois.fr\/index.php\/wp-json\/wp\/v2\/pages\/85","targetHints":{"allow":["GET"]}}],"collection":[{"href":"https:\/\/fornageconstructionbois.fr\/index.php\/wp-json\/wp\/v2\/pages"}],"about":[{"href":"https:\/\/fornageconstructionbois.fr\/index.php\/wp-json\/wp\/v2\/types\/page"}],"author":[{"embeddable":true,"href":"https:\/\/fornageconstructionbois.fr\/index.php\/wp-json\/wp\/v2\/users\/1"}],"replies":[{"embeddable":true,"href":"https:\/\/fornageconstructionbois.fr\/index.php\/wp-json\/wp\/v2\/comments?post=85"}],"version-history":[{"count":19,"href":"https:\/\/fornageconstructionbois.fr\/index.php\/wp-json\/wp\/v2\/pages\/85\/revisions"}],"predecessor-version":[{"id":893,"href":"https:\/\/fornageconstructionbois.fr\/index.php\/wp-json\/wp\/v2\/pages\/85\/revisions\/893"}],"wp:attachment":[{"href":"https:\/\/fornageconstructionbois.fr\/index.php\/wp-json\/wp\/v2\/media?parent=85"}],"curies":[{"name":"wp","href":"https:\/\/api.w.org\/{rel}","templated":true}]}}